{"id":665,"date":"2023-06-14T20:33:29","date_gmt":"2023-06-14T20:33:29","guid":{"rendered":"https:\/\/hakol-lekala.co.il\/?page_id=665"},"modified":"2023-09-12T16:04:23","modified_gmt":"2023-09-12T16:04:23","slug":"%d7%94%d7%9e%d7%90%d7%a8%d7%96%d7%99%d7%9d-%d7%a9%d7%9c%d7%a0%d7%95","status":"publish","type":"page","link":"https:\/\/hakol-lekala.co.il\/?page_id=665","title":{"rendered":"\u05d4\u05de\u05d0\u05e8\u05d6\u05d9\u05dd \u05e9\u05dc\u05e0\u05d5"},"content":{"rendered":"\t\t<div data-elementor-type=\"wp-page\" data-elementor-id=\"665\" class=\"elementor elementor-665\" data-elementor-post-type=\"page\">\n\t\t\t\t<div class=\"elementor-element elementor-element-f0bf90f e-flex e-con-boxed e-con e-parent\" data-id=\"f0bf90f\" data-element_type=\"container\" data-e-type=\"container\">\n\t\t\t\t\t<div class=\"e-con-inner\">\n\t\t\t\t<div class=\"elementor-element elementor-element-30d7e51 elementor-headline--style-highlight elementor-widget elementor-widget-animated-headline\" data-id=\"30d7e51\" data-element_type=\"widget\" data-e-type=\"widget\" data-settings=\"{&quot;marker&quot;:&quot;underline&quot;,&quot;highlighted_text&quot;:&quot;\\u05d4\\u05db\\u05e0\\u05e1\\u05ea \\u05db\\u05dc\\u05d4&quot;,&quot;headline_style&quot;:&quot;highlight&quot;,&quot;loop&quot;:&quot;yes&quot;,&quot;highlight_animation_duration&quot;:1200,&quot;highlight_iteration_delay&quot;:8000}\" data-widget_type=\"animated-headline.default\">\n\t\t\t\t\t\t\t<h3 class=\"elementor-headline\">\n\t\t\t\t<span class=\"elementor-headline-dynamic-wrapper elementor-headline-text-wrapper\">\n\t\t\t\t\t<span class=\"elementor-headline-dynamic-text elementor-headline-text-active\">\u05d4\u05db\u05e0\u05e1\u05ea \u05db\u05dc\u05d4<\/span>\n\t\t\t\t<\/span>\n\t\t\t\t\t<span class=\"elementor-headline-plain-text elementor-headline-text-wrapper\">\u05ea\u05e7\u05e0\u05d5 \u05de\u05d0\u05e8\u05d6 \u05d5\u05ea\u05e9\u05ea\u05ea\u05e4\u05d5 \u05d1\u05de\u05e6\u05d5\u05d5\u05ea<\/span>\n\t\t\t\t\t<\/h3>\n\t\t\t\t\t\t<\/div>\n\t\t\t\t\t<\/div>\n\t\t\t\t<\/div>\n\t\t<div class=\"elementor-element elementor-element-8e64d96 e-con-full e-flex e-con e-parent\" data-id=\"8e64d96\" data-element_type=\"container\" data-e-type=\"container\">\n\t\t\t\t<div class=\"elementor-element elementor-element-c7e9aaa elementor-widget elementor-widget-text-editor\" data-id=\"c7e9aaa\" data-element_type=\"widget\" data-e-type=\"widget\" data-widget_type=\"text-editor.default\">\n\t\t\t\t\t\t\t\t\t<p>\u05d4\u05de\u05d0\u05e8\u05d6\u05d9\u05dd \u05e9\u05dc\u05e0\u05d5 \u05d0\u05d9\u05e0\u05dd \u05e8\u05e7 \u05d7\u05d1\u05d9\u05dc\u05d5\u05ea \u05e9\u05dc \u05d0\u05d1\u05d9\u05d6\u05e8\u05d9\u05dd, \u05d4\u05dd \u05d4\u05db\u05dc\u05d9 \u05e9\u05d1\u05d5 \u05d0\u05e0\u05d5 \u05de\u05e2\u05d1\u05d9\u05e8\u05d9\u05dd \u05d0\u05ea \u05d4\u05d0\u05d4\u05d1\u05d4, \u05d5\u05d4\u05d1\u05e8\u05db\u05d5\u05ea \u05e9\u05dc\u05e0\u05d5 \u05dc\u05db\u05dc \u05d4\u05d6\u05d5\u05d2\u05d5\u05ea \u05d4\u05d7\u05d3\u05e9\u05d9\u05dd.<\/p><p>\u00a0\u05db\u05dc \u05e8\u05db\u05d9\u05e9\u05d4 \u05e9\u05dc \u05de\u05d0\u05e8\u05d6 \u05de\u05d4\u05e2\u05e1\u05e7 \u05e9\u05dc\u05e0\u05d5 \u05de\u05e7\u05e0\u05d4 \u05ea\u05de\u05d9\u05db\u05d4 \u05dc\u05de\u05d8\u05e8\u05d4 \u05d7\u05e9\u05d5\u05d1\u05d4 &#8211; <strong>\u05d4\u05db\u05e0\u05e1\u05ea \u05db\u05dc\u05d4<\/strong>. \u05db\u05dc \u05e8\u05db\u05d9\u05e9\u05d4 \u05de\u05d0\u05e4\u05e9\u05e8\u05ea \u05dc\u05dc\u05e7\u05d5\u05d7\u05d5\u05ea \u05e9\u05dc\u05e0\u05d5 \u05dc\u05d4\u05d9\u05d5\u05ea \u05e9\u05d5\u05ea\u05e4\u05d9\u05dd<strong> \u05dc\u05de\u05e2\u05e9\u05d4 \u05d8\u05d5\u05d1 \u05d5\u05dc\u05ea\u05e8\u05d5\u05de\u05d4 \u05d0\u05de\u05d9\u05e6\u05d4<\/strong>. \u05d1\u05db\u05dc \u05e4\u05e2\u05dd \u05e9\u05d0\u05ea\u05dd \u05e4\u05d5\u05ea\u05d7\u05d9\u05dd \u05d0\u05ea \u05d4\u05de\u05d0\u05e8\u05d6 \u05d4\u05de\u05e7\u05e1\u05d9\u05dd \u05e9\u05dc\u05db\u05dd, \u05d6\u05db\u05e8\u05d5 \u05e9\u05d0\u05ea\u05dd \u05de\u05e4\u05d6\u05e8\u05d9\u05dd \u05e2\u05d3\u05d5\u05ea \u05e0\u05e4\u05dc\u05d0\u05d4 \u05e9\u05dc \u05d0\u05d4\u05d1\u05d4 \u05d5\u05e9\u05d5\u05ea\u05e4\u05d5\u05ea.<\/p><p>\u05d0\u05d6 \u05d0\u05dc \u05ea\u05d7\u05de\u05d9\u05e6\u05d5 \u05d0\u05ea \u05d4\u05d4\u05d6\u05d3\u05de\u05e0\u05d5\u05ea \u05dc\u05d7\u05dc\u05d5\u05e7 \u05e8\u05d2\u05e2\u05d9\u05dd \u05d0\u05dc\u05d5 \u05e2\u05dd \u05d4\u05d6\u05d5\u05d2\u05d5\u05ea \u05d4\u05d7\u05d3\u05e9\u05d9\u05dd. \u05d1\u05d7\u05e8\u05d5 \u05d1\u05de\u05d0\u05e8\u05d6 \u05e9\u05de\u05db\u05d9\u05dc \u05dc\u05d0 \u05e8\u05e7 \u05de\u05ea\u05e0\u05d5\u05ea, \u05d0\u05dc\u05d0 \u05d2\u05dd \u05d7\u05dc\u05e7 \u05e7\u05d8\u05df \u05de\u05d4\u05d0\u05d4\u05d1\u05d4 \u05d5\u05d4\u05ea\u05de\u05d9\u05db\u05d4 \u05e9\u05d0\u05e0\u05d5 \u05de\u05e2\u05e0\u05d9\u05e7\u05d9\u05dd, \u05d5\u05ea\u05d4\u05d9\u05d5 \u05d7\u05dc\u05e7 \u05de\u05de\u05e1\u05e2 \u05d4\u05d0\u05d4\u05d1\u05d4 \u05d5\u05d4\u05d7\u05d2\u05d9\u05d2\u05d4 \u05e9\u05dc\u05d4\u05dd.<\/p>\t\t\t\t\t\t\t\t<\/div>\n\t\t\t\t<div class=\"elementor-element elementor-element-7ade13c elementor-grid-3 elementor-product-loop-item--align-center elementor-widget__width-inherit elementor-grid-tablet-3 elementor-grid-mobile-2 elementor-products-grid elementor-wc-products elementor-widget elementor-widget-woocommerce-products\" data-id=\"7ade13c\" data-element_type=\"widget\" data-e-type=\"widget\" data-widget_type=\"woocommerce-products.default\">\n\t\t\t\t<div class=\"elementor-widget-container\">\n\t\t\t\t\t<div class=\"woocommerce columns-3 \"><div class=\"woocommerce-notices-wrapper\"><\/div><p class=\"woocommerce-result-count\" role=\"alert\" aria-relevant=\"all\" >\n\t3\u00a0r\u00e9sultats affich\u00e9s<\/p>\n<form class=\"woocommerce-ordering\" method=\"get\">\n\t\t<select\n\t\tname=\"orderby\"\n\t\tclass=\"orderby\"\n\t\t\t\t\taria-label=\"Commande\"\n\t\t\t>\n\t\t\t\t\t<option value=\"menu_order\"  selected='selected'>Tri par d\u00e9faut<\/option>\n\t\t\t\t\t<option value=\"popularity\" >Tri par popularit\u00e9<\/option>\n\t\t\t\t\t<option value=\"rating\" >Tri par notes moyennes<\/option>\n\t\t\t\t\t<option value=\"date\" >Tri du plus r\u00e9cent au plus ancien<\/option>\n\t\t\t\t\t<option value=\"price\" >Tri par tarif croissant<\/option>\n\t\t\t\t\t<option value=\"price-desc\" >Tri par tarif d\u00e9croissant<\/option>\n\t\t\t<\/select>\n\t<input type=\"hidden\" name=\"paged\" value=\"1\" \/>\n\t<input type=\"hidden\" name=\"rest_route\" value=\"\/wp\/v2\/pages\/665\" \/><\/form>\n<ul class=\"products elementor-grid columns-3\">\n<li class=\"product type-product post-2035 status-publish first instock product_cat-wedding has-post-thumbnail sale sold-individually shipping-taxable purchasable product-type-simple\">\n\t<a href=\"https:\/\/hakol-lekala.co.il\/?product=%d7%99%d7%95%d7%9d-%d7%94%d7%97%d7%aa%d7%95%d7%a0%d7%94\" class=\"woocommerce-LoopProduct-link woocommerce-loop-product__link\">\n\t<span class=\"onsale\">Promo\u00a0!<\/span>\n\t<img fetchpriority=\"high\" decoding=\"async\" width=\"300\" height=\"300\" src=\"https:\/\/hakol-lekala.co.il\/wp-content\/uploads\/2023\/08\/WhatsApp-Image-2023-08-04-at-17.47.13-300x300.jpeg\" class=\"attachment-woocommerce_thumbnail size-woocommerce_thumbnail\" alt=\"\u05de\u05d0\u05e8\u05d6 \u05d9\u05d5\u05dd \u05d4\u05d7\u05ea\u05d5\u05e0\u05d4\" srcset=\"https:\/\/hakol-lekala.co.il\/wp-content\/uploads\/2023\/08\/WhatsApp-Image-2023-08-04-at-17.47.13-300x300.jpeg 300w, https:\/\/hakol-lekala.co.il\/wp-content\/uploads\/2023\/08\/WhatsApp-Image-2023-08-04-at-17.47.13-150x150.jpeg 150w, https:\/\/hakol-lekala.co.il\/wp-content\/uploads\/2023\/08\/WhatsApp-Image-2023-08-04-at-17.47.13-75x75.jpeg 75w, https:\/\/hakol-lekala.co.il\/wp-content\/uploads\/2023\/08\/WhatsApp-Image-2023-08-04-at-17.47.13-100x100.jpeg 100w\" sizes=\"(max-width: 300px) 100vw, 300px\" \/><h2 class=\"woocommerce-loop-product__title\">\u05d9\u05d5\u05dd \u05d4\u05d7\u05ea\u05d5\u05e0\u05d4<\/h2>\n\t<span class=\"price\"><del aria-hidden=\"true\"><span class=\"woocommerce-Price-amount amount\"><bdi><span class=\"woocommerce-Price-currencySymbol\">&#8362;<\/span>99.90<\/bdi><\/span><\/del> <span class=\"screen-reader-text\">Le prix initial \u00e9tait\u00a0: &#8362;99.90.<\/span><ins aria-hidden=\"true\"><span class=\"woocommerce-Price-amount amount\"><bdi><span class=\"woocommerce-Price-currencySymbol\">&#8362;<\/span>75.00<\/bdi><\/span><\/ins><span class=\"screen-reader-text\">Le prix actuel est\u00a0: &#8362;75.00.<\/span><\/span>\n<\/a><a href=\"\/index.php?rest_route=%2Fwp%2Fv2%2Fpages%2F665&#038;add-to-cart=2035\" aria-describedby=\"woocommerce_loop_add_to_cart_link_describedby_2035\" data-quantity=\"1\" class=\"button product_type_simple add_to_cart_button ajax_add_to_cart\" data-product_id=\"2035\" data-product_sku=\"\" aria-label=\"Ajouter au panier\u00a0: &ldquo;\u05d9\u05d5\u05dd \u05d4\u05d7\u05ea\u05d5\u05e0\u05d4&rdquo;\" rel=\"nofollow\" data-success_message=\"\u00ab\u00a0\u05d9\u05d5\u05dd \u05d4\u05d7\u05ea\u05d5\u05e0\u05d4\u00a0\u00bb a \u00e9t\u00e9 ajout\u00e9 \u00e0 votre panier\" role=\"button\">Ajouter au panier<\/a>\t<span id=\"woocommerce_loop_add_to_cart_link_describedby_2035\" class=\"screen-reader-text\">\n\t\t\t<\/span>\n<\/li>\n<li class=\"product type-product post-2050 status-publish instock product_cat-wedding has-post-thumbnail shipping-taxable purchasable product-type-simple\">\n\t<a href=\"https:\/\/hakol-lekala.co.il\/?product=%d7%9e%d7%a1%d7%99%d7%91%d7%aa-%d7%a8%d7%95%d7%95%d7%a7%d7%95%d7%aa-1\" class=\"woocommerce-LoopProduct-link woocommerce-loop-product__link\"><img decoding=\"async\" width=\"300\" height=\"300\" src=\"https:\/\/hakol-lekala.co.il\/wp-content\/uploads\/2023\/08\/WhatsApp-Image-2023-08-04-at-18.13.55-300x300.jpeg\" class=\"attachment-woocommerce_thumbnail size-woocommerce_thumbnail\" alt=\"&quot;\u05de\u05d0\u05e8\u05d6 &quot;\u05d4\u05d9\u05d5\u05dd \u05e9\u05dc\u05e4\u05e0\u05d9\" srcset=\"https:\/\/hakol-lekala.co.il\/wp-content\/uploads\/2023\/08\/WhatsApp-Image-2023-08-04-at-18.13.55-300x300.jpeg 300w, https:\/\/hakol-lekala.co.il\/wp-content\/uploads\/2023\/08\/WhatsApp-Image-2023-08-04-at-18.13.55-150x150.jpeg 150w, https:\/\/hakol-lekala.co.il\/wp-content\/uploads\/2023\/08\/WhatsApp-Image-2023-08-04-at-18.13.55-75x75.jpeg 75w, https:\/\/hakol-lekala.co.il\/wp-content\/uploads\/2023\/08\/WhatsApp-Image-2023-08-04-at-18.13.55-100x100.jpeg 100w\" sizes=\"(max-width: 300px) 100vw, 300px\" \/><h2 class=\"woocommerce-loop-product__title\">\u05de\u05e1\u05d9\u05d1\u05ea \u05e8\u05d5\u05d5\u05e7\u05d5\u05ea #1<\/h2>\n\t<span class=\"price\"><span class=\"woocommerce-Price-amount amount\"><bdi><span class=\"woocommerce-Price-currencySymbol\">&#8362;<\/span>80.00<\/bdi><\/span><\/span>\n<\/a><a href=\"\/index.php?rest_route=%2Fwp%2Fv2%2Fpages%2F665&#038;add-to-cart=2050\" aria-describedby=\"woocommerce_loop_add_to_cart_link_describedby_2050\" data-quantity=\"1\" class=\"button product_type_simple add_to_cart_button ajax_add_to_cart\" data-product_id=\"2050\" data-product_sku=\"\" aria-label=\"Ajouter au panier\u00a0: &ldquo;\u05de\u05e1\u05d9\u05d1\u05ea \u05e8\u05d5\u05d5\u05e7\u05d5\u05ea #1&rdquo;\" rel=\"nofollow\" data-success_message=\"\u00ab\u00a0\u05de\u05e1\u05d9\u05d1\u05ea \u05e8\u05d5\u05d5\u05e7\u05d5\u05ea #1\u00a0\u00bb a \u00e9t\u00e9 ajout\u00e9 \u00e0 votre panier\" role=\"button\">Ajouter au panier<\/a>\t<span id=\"woocommerce_loop_add_to_cart_link_describedby_2050\" class=\"screen-reader-text\">\n\t\t\t<\/span>\n<\/li>\n<li class=\"product type-product post-2049 status-publish last instock product_cat-wedding has-post-thumbnail sale shipping-taxable purchasable product-type-simple\">\n\t<a href=\"https:\/\/hakol-lekala.co.il\/?product=2049\" class=\"woocommerce-LoopProduct-link woocommerce-loop-product__link\">\n\t<span class=\"onsale\">Promo\u00a0!<\/span>\n\t<img decoding=\"async\" width=\"300\" height=\"300\" src=\"https:\/\/hakol-lekala.co.il\/wp-content\/uploads\/2023\/08\/WhatsApp-Image-2023-08-04-at-16.56.00-300x300.jpeg\" class=\"attachment-woocommerce_thumbnail size-woocommerce_thumbnail\" alt=\"\u05de\u05d0\u05e8\u05d6 \u05d4\u05de\u05e7\u05d5\u05d5\u05d4\" srcset=\"https:\/\/hakol-lekala.co.il\/wp-content\/uploads\/2023\/08\/WhatsApp-Image-2023-08-04-at-16.56.00-300x300.jpeg 300w, https:\/\/hakol-lekala.co.il\/wp-content\/uploads\/2023\/08\/WhatsApp-Image-2023-08-04-at-16.56.00-150x150.jpeg 150w, https:\/\/hakol-lekala.co.il\/wp-content\/uploads\/2023\/08\/WhatsApp-Image-2023-08-04-at-16.56.00-75x75.jpeg 75w, https:\/\/hakol-lekala.co.il\/wp-content\/uploads\/2023\/08\/WhatsApp-Image-2023-08-04-at-16.56.00-100x100.jpeg 100w\" sizes=\"(max-width: 300px) 100vw, 300px\" \/><h2 class=\"woocommerce-loop-product__title\">\u05de\u05e7\u05d5\u05d5\u05d4<\/h2>\n\t<span class=\"price\"><del aria-hidden=\"true\"><span class=\"woocommerce-Price-amount amount\"><bdi><span class=\"woocommerce-Price-currencySymbol\">&#8362;<\/span>95.00<\/bdi><\/span><\/del> <span class=\"screen-reader-text\">Le prix initial \u00e9tait\u00a0: &#8362;95.00.<\/span><ins aria-hidden=\"true\"><span class=\"woocommerce-Price-amount amount\"><bdi><span class=\"woocommerce-Price-currencySymbol\">&#8362;<\/span>79.90<\/bdi><\/span><\/ins><span class=\"screen-reader-text\">Le prix actuel est\u00a0: &#8362;79.90.<\/span><\/span>\n<\/a><a href=\"\/index.php?rest_route=%2Fwp%2Fv2%2Fpages%2F665&#038;add-to-cart=2049\" aria-describedby=\"woocommerce_loop_add_to_cart_link_describedby_2049\" data-quantity=\"1\" class=\"button product_type_simple add_to_cart_button ajax_add_to_cart\" data-product_id=\"2049\" data-product_sku=\"\" aria-label=\"Ajouter au panier\u00a0: &ldquo;\u05de\u05e7\u05d5\u05d5\u05d4&rdquo;\" rel=\"nofollow\" data-success_message=\"\u00ab\u00a0\u05de\u05e7\u05d5\u05d5\u05d4\u00a0\u00bb a \u00e9t\u00e9 ajout\u00e9 \u00e0 votre panier\" role=\"button\">Ajouter au panier<\/a>\t<span id=\"woocommerce_loop_add_to_cart_link_describedby_2049\" class=\"screen-reader-text\">\n\t\t\t<\/span>\n<\/li>\n<\/ul>\n<\/div>\t\t\t\t<\/div>\n\t\t\t\t<\/div>\n\t\t\t\t<\/div>\n\t\t<div class=\"elementor-element elementor-element-4b44fa8 e-flex e-con-boxed e-con e-parent\" data-id=\"4b44fa8\" data-element_type=\"container\" data-e-type=\"container\">\n\t\t\t\t\t<div class=\"e-con-inner\">\n\t\t\t\t<div class=\"elementor-element elementor-element-20b5ba3 elementor-widget elementor-widget-spacer\" data-id=\"20b5ba3\" data-element_type=\"widget\" data-e-type=\"widget\" data-widget_type=\"spacer.default\">\n\t\t\t\t\t\t\t<div class=\"elementor-spacer\">\n\t\t\t<div class=\"elementor-spacer-inner\"><\/div>\n\t\t<\/div>\n\t\t\t\t\t\t<\/div>\n\t\t\t\t\t<\/div>\n\t\t\t\t<\/div>\n\t\t<div class=\"elementor-element elementor-element-b2cd863 e-flex e-con-boxed e-con e-parent\" data-id=\"b2cd863\" data-element_type=\"container\" data-e-type=\"container\">\n\t\t\t\t\t<div class=\"e-con-inner\">\n\t\t<div class=\"elementor-element elementor-element-eaa42a2 e-grid e-con-boxed e-con e-child\" data-id=\"eaa42a2\" data-element_type=\"container\" data-e-type=\"container\">\n\t\t\t\t\t<div class=\"e-con-inner\">\n\t\t\t\t<div class=\"elementor-element elementor-element-ec6645d elementor-widget elementor-widget-text-editor\" data-id=\"ec6645d\" data-element_type=\"widget\" data-e-type=\"widget\" data-widget_type=\"text-editor.default\">\n\t\t\t\t\t\t\t\t\t<p style=\"text-align: center;\"><span style=\"text-decoration: underline;\">:\u05ea\u05d4\u05dc\u05d9\u05da<strong> \u05d4\u05d6\u05de\u05e0\u05ea \u05de\u05d0\u05e8\u05d6<\/strong><\/span><\/p><p style=\"text-align: center;\">\u00a0.\u05dc\u05d7\u05e6\u05d5 \u05e2\u05dc \u05d0\u05d7\u05d3 <b>\u05d4\u05e7\u05d9\u05e9\u05d5\u05e8\u05d9\u05dd \u05dc\u05de\u05d8\u05d4 <\/b>\u05dc\u05d1\u05d9\u05e6\u05d5\u05e2 \u05d4\u05d4\u05d6\u05de\u05e0\u05d4<\/p><p style=\"text-align: center;\">.\u05d1\u05d7\u05e8\u05d5 \u05d0\u05ea <b>\u05d4\u05de\u05d0\u05e8\u05d6 <\/b>\u05d4\u05de\u05d1\u05d5\u05e7\u05e9\u00a0<\/p><p style=\"text-align: center;\">.(Bit, Paybox, \u05de\u05d6\u05d5\u05de\u05df) \u05e0\u05e9\u05dc\u05d7 \u05d0\u05dc\u05d9\u05db\u05dd \u05ea\u05de\u05d5\u05e0\u05d4 \u05e9\u05dc \u05d4\u05d4\u05d6\u05de\u05e0\u05d4 <strong>\u05d4\u05e1\u05d5\u05e4\u05d9\u05ea <\/strong>\u05dc\u05d0\u05d9\u05e9\u05d5\u05e8,<span style=\"font-family: var( --e-global-typography-text-font-family ), Sans-serif; font-size: var( --e-global-typography-text-font-size ); font-style: var( --e-global-typography-text-font-style ); font-weight: var( --e-global-typography-text-font-weight ); letter-spacing: var( --e-global-typography-text-letter-spacing ); text-transform: var( --e-global-typography-text-text-transform ); word-spacing: var( --e-global-typography-text-word-spacing ); text-align: var(--text-align);\">\u00a0\u05d5\u05e7\u05d9\u05e9\u05d5\u05e8 \u05dc\u05ea\u05e9\u05dc\u05d5\u05dd<\/span><\/p><p style=\"text-align: center;\"><span style=\"font-family: var( --e-global-typography-text-font-family ), Sans-serif; font-size: var( --e-global-typography-text-font-size ); font-style: var( --e-global-typography-text-font-style ); font-weight: var( --e-global-typography-text-font-weight ); letter-spacing: var( --e-global-typography-text-letter-spacing ); text-transform: var( --e-global-typography-text-text-transform ); word-spacing: var( --e-global-typography-text-word-spacing ); text-align: var(--text-align);\">!\u05d0\u05d7\u05e8\u05d9 \u05d1\u05d9\u05e6\u05d5\u05e2 \u05d4\u05ea\u05e9\u05dc\u05d5\u05dd, \u05d4\u05d4\u05d6\u05de\u05e0\u05d4 \u05db\u05d1\u05e8 <strong>\u05d1\u05d3\u05e8\u05da \u05d0\u05dc\u05d9\u05db\u05dd<\/strong><\/span><\/p><p style=\"text-align: center;\">\u00a0<\/p>\t\t\t\t\t\t\t\t<\/div>\n\t\t\t\t<div class=\"elementor-element elementor-element-49084b3 elementor-shape-rounded elementor-grid-0 e-grid-align-center elementor-widget elementor-widget-social-icons\" data-id=\"49084b3\" data-element_type=\"widget\" data-e-type=\"widget\" data-widget_type=\"social-icons.default\">\n\t\t\t\t\t\t\t<div class=\"elementor-social-icons-wrapper elementor-grid\" role=\"list\">\n\t\t\t\t\t\t\t<span class=\"elementor-grid-item\" role=\"listitem\">\n\t\t\t\t\t<a class=\"elementor-icon elementor-social-icon elementor-social-icon-whatsapp elementor-repeater-item-1d1001e\" href=\"https:\/\/wa.me\/972586799812\" target=\"_blank\">\n\t\t\t\t\t\t<span class=\"elementor-screen-only\">Whatsapp<\/span>\n\t\t\t\t\t\t<svg aria-hidden=\"true\" class=\"e-font-icon-svg e-fab-whatsapp\" viewBox=\"0 0 448 512\" xmlns=\"http:\/\/www.w3.org\/2000\/svg\"><path d=\"M380.9 97.1C339 55.1 283.2 32 223.9 32c-122.4 0-222 99.6-222 222 0 39.1 10.2 77.3 29.6 111L0 480l117.7-30.9c32.4 17.7 68.9 27 106.1 27h.1c122.3 0 224.1-99.6 224.1-222 0-59.3-25.2-115-67.1-157zm-157 341.6c-33.2 0-65.7-8.9-94-25.7l-6.7-4-69.8 18.3L72 359.2l-4.4-7c-18.5-29.4-28.2-63.3-28.2-98.2 0-101.7 82.8-184.5 184.6-184.5 49.3 0 95.6 19.2 130.4 54.1 34.8 34.9 56.2 81.2 56.1 130.5 0 101.8-84.9 184.6-186.6 184.6zm101.2-138.2c-5.5-2.8-32.8-16.2-37.9-18-5.1-1.9-8.8-2.8-12.5 2.8-3.7 5.6-14.3 18-17.6 21.8-3.2 3.7-6.5 4.2-12 1.4-32.6-16.3-54-29.1-75.5-66-5.7-9.8 5.7-9.1 16.3-30.3 1.8-3.7.9-6.9-.5-9.7-1.4-2.8-12.5-30.1-17.1-41.2-4.5-10.8-9.1-9.3-12.5-9.5-3.2-.2-6.9-.2-10.6-.2-3.7 0-9.7 1.4-14.8 6.9-5.1 5.6-19.4 19-19.4 46.3 0 27.3 19.9 53.7 22.6 57.4 2.8 3.7 39.1 59.7 94.8 83.8 35.2 15.2 49 16.5 66.6 13.9 10.7-1.6 32.8-13.4 37.4-26.4 4.6-13 4.6-24.1 3.2-26.4-1.3-2.5-5-3.9-10.5-6.6z\"><\/path><\/svg>\t\t\t\t\t<\/a>\n\t\t\t\t<\/span>\n\t\t\t\t\t\t\t<span class=\"elementor-grid-item\" role=\"listitem\">\n\t\t\t\t\t<a class=\"elementor-icon elementor-social-icon elementor-social-icon-phone-alt elementor-repeater-item-e71aa56\" href=\"tel:972586799812\" target=\"_blank\">\n\t\t\t\t\t\t<span class=\"elementor-screen-only\">Phone-alt<\/span>\n\t\t\t\t\t\t<svg aria-hidden=\"true\" class=\"e-font-icon-svg e-fas-phone-alt\" viewBox=\"0 0 512 512\" xmlns=\"http:\/\/www.w3.org\/2000\/svg\"><path d=\"M497.39 361.8l-112-48a24 24 0 0 0-28 6.9l-49.6 60.6A370.66 370.66 0 0 1 130.6 204.11l60.6-49.6a23.94 23.94 0 0 0 6.9-28l-48-112A24.16 24.16 0 0 0 122.6.61l-104 24A24 24 0 0 0 0 48c0 256.5 207.9 464 464 464a24 24 0 0 0 23.4-18.6l24-104a24.29 24.29 0 0 0-14.01-27.6z\"><\/path><\/svg>\t\t\t\t\t<\/a>\n\t\t\t\t<\/span>\n\t\t\t\t\t\t\t<span class=\"elementor-grid-item\" role=\"listitem\">\n\t\t\t\t\t<a class=\"elementor-icon elementor-social-icon elementor-social-icon-facebook elementor-repeater-item-37a4cbf\" href=\"https:\/\/www.facebook.com\/hakollekala\" target=\"_blank\">\n\t\t\t\t\t\t<span class=\"elementor-screen-only\">Facebook<\/span>\n\t\t\t\t\t\t<svg aria-hidden=\"true\" class=\"e-font-icon-svg e-fab-facebook\" viewBox=\"0 0 512 512\" xmlns=\"http:\/\/www.w3.org\/2000\/svg\"><path d=\"M504 256C504 119 393 8 256 8S8 119 8 256c0 123.78 90.69 226.38 209.25 245V327.69h-63V256h63v-54.64c0-62.15 37-96.48 93.67-96.48 27.14 0 55.52 4.84 55.52 4.84v61h-31.28c-30.8 0-40.41 19.12-40.41 38.73V256h68.78l-11 71.69h-57.78V501C413.31 482.38 504 379.78 504 256z\"><\/path><\/svg>\t\t\t\t\t<\/a>\n\t\t\t\t<\/span>\n\t\t\t\t\t<\/div>\n\t\t\t\t\t\t<\/div>\n\t\t\t\t\t<\/div>\n\t\t\t\t<\/div>\n\t\t\t\t\t<\/div>\n\t\t\t\t<\/div>\n\t\t\t\t<\/div>\n\t\t","protected":false},"excerpt":{"rendered":"<p>\u05d4\u05db\u05e0\u05e1\u05ea \u05db\u05dc\u05d4 \u05ea\u05e7\u05e0\u05d5 \u05de\u05d0\u05e8\u05d6 \u05d5\u05ea\u05e9\u05ea\u05ea\u05e4\u05d5 \u05d1\u05de\u05e6\u05d5\u05d5\u05ea \u05d4\u05de\u05d0\u05e8\u05d6\u05d9\u05dd \u05e9\u05dc\u05e0\u05d5 \u05d0\u05d9\u05e0\u05dd \u05e8\u05e7 \u05d7\u05d1\u05d9\u05dc\u05d5\u05ea \u05e9\u05dc \u05d0\u05d1\u05d9\u05d6\u05e8\u05d9\u05dd, \u05d4\u05dd \u05d4\u05db\u05dc\u05d9 \u05e9\u05d1\u05d5 \u05d0\u05e0\u05d5 \u05de\u05e2\u05d1\u05d9\u05e8\u05d9\u05dd \u05d0\u05ea \u05d4\u05d0\u05d4\u05d1\u05d4, \u05d5\u05d4\u05d1\u05e8\u05db\u05d5\u05ea \u05e9\u05dc\u05e0\u05d5 \u05dc\u05db\u05dc \u05d4\u05d6\u05d5\u05d2\u05d5\u05ea \u05d4\u05d7\u05d3\u05e9\u05d9\u05dd. \u00a0\u05db\u05dc \u05e8\u05db\u05d9\u05e9\u05d4 \u05e9\u05dc \u05de\u05d0\u05e8\u05d6 \u05de\u05d4\u05e2\u05e1\u05e7 \u05e9\u05dc\u05e0\u05d5 \u05de\u05e7\u05e0\u05d4 \u05ea\u05de\u05d9\u05db\u05d4 \u05dc\u05de\u05d8\u05e8\u05d4 \u05d7\u05e9\u05d5\u05d1\u05d4 &#8211; \u05d4\u05db\u05e0\u05e1\u05ea \u05db\u05dc\u05d4. \u05db\u05dc \u05e8\u05db\u05d9\u05e9\u05d4 \u05de\u05d0\u05e4\u05e9\u05e8\u05ea \u05dc\u05dc\u05e7\u05d5\u05d7\u05d5\u05ea \u05e9\u05dc\u05e0\u05d5 \u05dc\u05d4\u05d9\u05d5\u05ea \u05e9\u05d5\u05ea\u05e4\u05d9\u05dd \u05dc\u05de\u05e2\u05e9\u05d4 \u05d8\u05d5\u05d1 \u05d5\u05dc\u05ea\u05e8\u05d5\u05de\u05d4 \u05d0\u05de\u05d9\u05e6\u05d4. \u05d1\u05db\u05dc \u05e4\u05e2\u05dd \u05e9\u05d0\u05ea\u05dd \u05e4\u05d5\u05ea\u05d7\u05d9\u05dd \u05d0\u05ea \u05d4\u05de\u05d0\u05e8\u05d6 \u05d4\u05de\u05e7\u05e1\u05d9\u05dd \u05e9\u05dc\u05db\u05dd, \u05d6\u05db\u05e8\u05d5 \u05e9\u05d0\u05ea\u05dd \u05de\u05e4\u05d6\u05e8\u05d9\u05dd \u05e2\u05d3\u05d5\u05ea \u05e0\u05e4\u05dc\u05d0\u05d4 \u05e9\u05dc \u05d0\u05d4\u05d1\u05d4 \u05d5\u05e9\u05d5\u05ea\u05e4\u05d5\u05ea. \u05d0\u05d6 \u05d0\u05dc \u05ea\u05d7\u05de\u05d9\u05e6\u05d5 \u05d0\u05ea \u05d4\u05d4\u05d6\u05d3\u05de\u05e0\u05d5\u05ea \u05dc\u05d7\u05dc\u05d5\u05e7 \u05e8\u05d2\u05e2\u05d9\u05dd \u05d0\u05dc\u05d5 \u05e2\u05dd \u05d4\u05d6\u05d5\u05d2\u05d5\u05ea \u05d4\u05d7\u05d3\u05e9\u05d9\u05dd. \u05d1\u05d7\u05e8\u05d5 \u05d1\u05de\u05d0\u05e8\u05d6 \u05e9\u05de\u05db\u05d9\u05dc \u05dc\u05d0 \u05e8\u05e7 \u05de\u05ea\u05e0\u05d5\u05ea, \u05d0\u05dc\u05d0 \u05d2\u05dd \u05d7\u05dc\u05e7 \u05e7\u05d8\u05df \u05de\u05d4\u05d0\u05d4\u05d1\u05d4 \u05d5\u05d4\u05ea\u05de\u05d9\u05db\u05d4 \u05e9\u05d0\u05e0\u05d5 \u05de\u05e2\u05e0\u05d9\u05e7\u05d9\u05dd, \u05d5\u05ea\u05d4\u05d9\u05d5 \u05d7\u05dc\u05e7 \u05de\u05de\u05e1\u05e2 \u05d4\u05d0\u05d4\u05d1\u05d4 \u05d5\u05d4\u05d7\u05d2\u05d9\u05d2\u05d4 \u05e9\u05dc\u05d4\u05dd. :\u05ea\u05d4\u05dc\u05d9\u05da \u05d4\u05d6\u05de\u05e0\u05ea \u05de\u05d0\u05e8\u05d6 \u00a0.\u05dc\u05d7\u05e6\u05d5 \u05e2\u05dc \u05d0\u05d7\u05d3 \u05d4\u05e7\u05d9\u05e9\u05d5\u05e8\u05d9\u05dd \u05dc\u05de\u05d8\u05d4 \u05dc\u05d1\u05d9\u05e6\u05d5\u05e2 \u05d4\u05d4\u05d6\u05de\u05e0\u05d4 .\u05d1\u05d7\u05e8\u05d5 \u05d0\u05ea \u05d4\u05de\u05d0\u05e8\u05d6 \u05d4\u05de\u05d1\u05d5\u05e7\u05e9\u00a0 .(Bit, Paybox, \u05de\u05d6\u05d5\u05de\u05df) \u05e0\u05e9\u05dc\u05d7 \u05d0\u05dc\u05d9\u05db\u05dd \u05ea\u05de\u05d5\u05e0\u05d4 \u05e9\u05dc \u05d4\u05d4\u05d6\u05de\u05e0\u05d4 \u05d4\u05e1\u05d5\u05e4\u05d9\u05ea \u05dc\u05d0\u05d9\u05e9\u05d5\u05e8,\u00a0\u05d5\u05e7\u05d9\u05e9\u05d5\u05e8 \u05dc\u05ea\u05e9\u05dc\u05d5\u05dd !\u05d0\u05d7\u05e8\u05d9 \u05d1\u05d9\u05e6\u05d5\u05e2 \u05d4\u05ea\u05e9\u05dc\u05d5\u05dd, \u05d4\u05d4\u05d6\u05de\u05e0\u05d4 \u05db\u05d1\u05e8 \u05d1\u05d3\u05e8\u05da \u05d0\u05dc\u05d9\u05db\u05dd \u00a0 Whatsapp Phone-alt Facebook<\/p>\n","protected":false},"author":1,"featured_media":0,"parent":0,"menu_order":0,"comment_status":"closed","ping_status":"closed","template":"","meta":{"footnotes":""},"class_list":["post-665","page","type-page","status-publish","hentry"],"_links":{"self":[{"href":"https:\/\/hakol-lekala.co.il\/index.php?rest_route=\/wp\/v2\/pages\/665","targetHints":{"allow":["GET"]}}],"collection":[{"href":"https:\/\/hakol-lekala.co.il\/index.php?rest_route=\/wp\/v2\/pages"}],"about":[{"href":"https:\/\/hakol-lekala.co.il\/index.php?rest_route=\/wp\/v2\/types\/page"}],"author":[{"embeddable":true,"href":"https:\/\/hakol-lekala.co.il\/index.php?rest_route=\/wp\/v2\/users\/1"}],"replies":[{"embeddable":true,"href":"https:\/\/hakol-lekala.co.il\/index.php?rest_route=%2Fwp%2Fv2%2Fcomments&post=665"}],"version-history":[{"count":55,"href":"https:\/\/hakol-lekala.co.il\/index.php?rest_route=\/wp\/v2\/pages\/665\/revisions"}],"predecessor-version":[{"id":3285,"href":"https:\/\/hakol-lekala.co.il\/index.php?rest_route=\/wp\/v2\/pages\/665\/revisions\/3285"}],"wp:attachment":[{"href":"https:\/\/hakol-lekala.co.il\/index.php?rest_route=%2Fwp%2Fv2%2Fmedia&parent=665"}],"curies":[{"name":"wp","href":"https:\/\/api.w.org\/{rel}","templated":true}]}}